{"id":1481,"date":"2025-02-17T16:04:00","date_gmt":"2025-02-17T16:04:00","guid":{"rendered":"https:\/\/olaberria.lantegia.io\/moules-pour-thermoplastique\/"},"modified":"2025-11-18T15:51:03","modified_gmt":"2025-11-18T15:51:03","slug":"moldes-para-termoplasticos","status":"publish","type":"page","link":"https:\/\/olaberria.fr\/es\/moldes-para-termoplasticos\/","title":{"rendered":"Moldes para termopl\u00e1sticos"},"content":{"rendered":"\t\t<div data-elementor-type=\"wp-page\" data-elementor-id=\"1481\" class=\"elementor elementor-1481 elementor-931\" data-elementor-post-type=\"page\">\n\t\t\t\t<div class=\"elementor-element elementor-element-804b2e1 e-con-full e-flex e-con e-parent\" data-id=\"804b2e1\" data-element_type=\"container\" data-e-type=\"container\" data-settings=\"{&quot;background_background&quot;:&quot;classic&quot;}\">\n\t\t<div class=\"elementor-element elementor-element-07b161a e-con-full e-flex e-con e-child\" data-id=\"07b161a\" data-element_type=\"container\" data-e-type=\"container\">\n\t\t\t\t<div class=\"elementor-element elementor-element-8a61c4b elementor-widget elementor-widget-image\" data-id=\"8a61c4b\" data-element_type=\"widget\" data-e-type=\"widget\" data-widget_type=\"image.default\">\n\t\t\t\t<div class=\"elementor-widget-container\">\n\t\t\t\t\t\t\t\t\t\t\t\t\t\t\t\t<a href=\"https:\/\/olaberria.fr\/wp-content\/uploads\/2025\/09\/lantgeia-olaberria-42.jpg\" data-elementor-open-lightbox=\"yes\" data-e-action-hash=\"#elementor-action%3Aaction%3Dlightbox%26settings%3DeyJpZCI6MTM0MywidXJsIjoiaHR0cHM6XC9cL29sYWJlcnJpYS5mclwvd3AtY29udGVudFwvdXBsb2Fkc1wvMjAyNVwvMDlcL2xhbnRnZWlhLW9sYWJlcnJpYS00Mi5qcGcifQ%3D%3D\">\n\t\t\t\t\t\t\t<img fetchpriority=\"high\" decoding=\"async\" width=\"2000\" height=\"1334\" src=\"https:\/\/olaberria.fr\/wp-content\/uploads\/2025\/09\/lantgeia-olaberria-42.jpg\" class=\"attachment-full size-full wp-image-1343\" alt=\"\" srcset=\"https:\/\/olaberria.fr\/wp-content\/uploads\/2025\/09\/lantgeia-olaberria-42.jpg 2000w, https:\/\/olaberria.fr\/wp-content\/uploads\/2025\/09\/lantgeia-olaberria-42-300x200.jpg 300w, https:\/\/olaberria.fr\/wp-content\/uploads\/2025\/09\/lantgeia-olaberria-42-1024x683.jpg 1024w, https:\/\/olaberria.fr\/wp-content\/uploads\/2025\/09\/lantgeia-olaberria-42-768x512.jpg 768w, https:\/\/olaberria.fr\/wp-content\/uploads\/2025\/09\/lantgeia-olaberria-42-1536x1025.jpg 1536w\" sizes=\"(max-width: 2000px) 100vw, 2000px\" \/>\t\t\t\t\t\t\t\t<\/a>\n\t\t\t\t\t\t\t\t\t\t\t\t\t\t\t<\/div>\n\t\t\t\t<\/div>\n\t\t\t\t<\/div>\n\t\t<div class=\"elementor-element elementor-element-a22223d e-con-full e-flex e-con e-child\" data-id=\"a22223d\" data-element_type=\"container\" data-e-type=\"container\">\n\t\t\t\t<div class=\"elementor-element elementor-element-88375d9 elementor-widget__width-inherit elementor-widget elementor-widget-heading\" data-id=\"88375d9\" data-element_type=\"widget\" data-e-type=\"widget\" data-widget_type=\"heading.default\">\n\t\t\t\t<div class=\"elementor-widget-container\">\n\t\t\t\t\t<h1 class=\"elementor-heading-title elementor-size-default\">Moldes para termopl\u00e1sticos<\/h1>\t\t\t\t<\/div>\n\t\t\t\t<\/div>\n\t\t\t\t<div class=\"elementor-element elementor-element-ee66870 elementor-widget elementor-widget-text-editor\" data-id=\"ee66870\" data-element_type=\"widget\" data-e-type=\"widget\" data-widget_type=\"text-editor.default\">\n\t\t\t\t<div class=\"elementor-widget-container\">\n\t\t\t\t\t\t\t\t\t<p>Desde hace mas de 40 a\u00f1os, realizamos moldes para inyecci\u00f3n de termopl\u00e1sticos en todos los sectores.<br \/>Desde el sector m\u00e9dico hasta automoci\u00f3n, pasando por la piezas tecnicas; la empresa tiene una grande adaptabilidad para adaptarse a los requerimientos de cada sector.<br \/>De cavidad \u00fanica hasta multi cavidades, pasando por todos los plasticos inyectables, la empresa se ha convertido en una referencia en el mundo de los moldes.<\/p>\t\t\t\t\t\t\t\t<\/div>\n\t\t\t\t<\/div>\n\t\t\t\t<\/div>\n\t\t\t\t<\/div>\n\t\t<div class=\"elementor-element elementor-element-a57d7ba e-con-full e-flex e-con e-parent\" data-id=\"a57d7ba\" data-element_type=\"container\" data-e-type=\"container\" data-settings=\"{&quot;background_background&quot;:&quot;classic&quot;}\">\n\t\t<div class=\"elementor-element elementor-element-13332ea e-con-full e-flex e-con e-child\" data-id=\"13332ea\" data-element_type=\"container\" data-e-type=\"container\">\n\t\t\t\t<div class=\"elementor-element elementor-element-471105e elementor-invisible elementor-widget elementor-widget-heading\" data-id=\"471105e\" data-element_type=\"widget\" data-e-type=\"widget\" data-settings=\"{&quot;_animation&quot;:&quot;fadeIn&quot;}\" data-widget_type=\"heading.default\">\n\t\t\t\t<div class=\"elementor-widget-container\">\n\t\t\t\t\t<h2 class=\"elementor-heading-title elementor-size-default\">Inyecci\u00f3n Bi materiales 2K<\/h2>\t\t\t\t<\/div>\n\t\t\t\t<\/div>\n\t\t\t\t<div class=\"elementor-element elementor-element-46a2842 elementor-invisible elementor-widget elementor-widget-text-editor\" data-id=\"46a2842\" data-element_type=\"widget\" data-e-type=\"widget\" data-settings=\"{&quot;_animation&quot;:&quot;fadeIn&quot;,&quot;_animation_delay&quot;:300}\" data-widget_type=\"text-editor.default\">\n\t\t\t\t<div class=\"elementor-widget-container\">\n\t\t\t\t\t\t\t\t\t<p>La tecnolog\u00eda de la inyecci\u00f3n bi-materiales es muy especial y requiere una grande experiencia.<br \/>La fase de puesto a punto en los moldes de sobre moldeo es una parte esencial.<\/p><p>Olaberria tiene una grande experiencia en todos los tipos de moldes bi-materieles.<br \/>La empresa maneja todos los tipos de sobre moldeo y as\u00ed puede adaptarse a las especificaciones del cliente: (molde rotativo&#8230;).<br \/>Puede tambi\u00e9n acompa\u00f1ar al cliente en la fase de dise\u00f1o de la pieza.<\/p>\t\t\t\t\t\t\t\t<\/div>\n\t\t\t\t<\/div>\n\t\t\t\t<\/div>\n\t\t<div class=\"elementor-element elementor-element-6dc09cd e-con-full e-flex e-con e-child\" data-id=\"6dc09cd\" data-element_type=\"container\" data-e-type=\"container\">\n\t\t\t\t<div class=\"elementor-element elementor-element-b8244a7 elementor-widget elementor-widget-image\" data-id=\"b8244a7\" data-element_type=\"widget\" data-e-type=\"widget\" data-widget_type=\"image.default\">\n\t\t\t\t<div class=\"elementor-widget-container\">\n\t\t\t\t\t\t\t\t\t\t\t\t\t\t\t<img decoding=\"async\" width=\"800\" height=\"534\" src=\"https:\/\/olaberria.fr\/wp-content\/uploads\/2025\/11\/olaberria-moules-bi-matieres-1024x683.jpg\" class=\"attachment-large size-large wp-image-1560\" alt=\"\" srcset=\"https:\/\/olaberria.fr\/wp-content\/uploads\/2025\/11\/olaberria-moules-bi-matieres-1024x683.jpg 1024w, https:\/\/olaberria.fr\/wp-content\/uploads\/2025\/11\/olaberria-moules-bi-matieres-300x200.jpg 300w, https:\/\/olaberria.fr\/wp-content\/uploads\/2025\/11\/olaberria-moules-bi-matieres-768x512.jpg 768w, https:\/\/olaberria.fr\/wp-content\/uploads\/2025\/11\/olaberria-moules-bi-matieres-1536x1024.jpg 1536w, https:\/\/olaberria.fr\/wp-content\/uploads\/2025\/11\/olaberria-moules-bi-matieres.jpg 1800w\" sizes=\"(max-width: 800px) 100vw, 800px\" \/>\t\t\t\t\t\t\t\t\t\t\t\t\t\t\t<\/div>\n\t\t\t\t<\/div>\n\t\t\t\t<\/div>\n\t\t\t\t<\/div>\n\t\t<div class=\"elementor-element elementor-element-5a1fa76 e-con-full e-flex e-con e-parent\" data-id=\"5a1fa76\" data-element_type=\"container\" data-e-type=\"container\" data-settings=\"{&quot;background_background&quot;:&quot;classic&quot;}\">\n\t\t<div class=\"elementor-element elementor-element-eb73b4d e-con-full e-flex e-con e-child\" data-id=\"eb73b4d\" data-element_type=\"container\" data-e-type=\"container\">\n\t\t\t\t<div class=\"elementor-element elementor-element-566288c elementor-widget elementor-widget-image\" data-id=\"566288c\" data-element_type=\"widget\" data-e-type=\"widget\" data-widget_type=\"image.default\">\n\t\t\t\t<div class=\"elementor-widget-container\">\n\t\t\t\t\t\t\t\t\t\t\t\t\t\t\t<img decoding=\"async\" width=\"800\" height=\"534\" src=\"https:\/\/olaberria.fr\/wp-content\/uploads\/2025\/10\/olaberria-secteur-medical-1024x683.jpg\" class=\"attachment-large size-large wp-image-1407\" alt=\"\" srcset=\"https:\/\/olaberria.fr\/wp-content\/uploads\/2025\/10\/olaberria-secteur-medical-1024x683.jpg 1024w, https:\/\/olaberria.fr\/wp-content\/uploads\/2025\/10\/olaberria-secteur-medical-300x200.jpg 300w, https:\/\/olaberria.fr\/wp-content\/uploads\/2025\/10\/olaberria-secteur-medical-768x512.jpg 768w, https:\/\/olaberria.fr\/wp-content\/uploads\/2025\/10\/olaberria-secteur-medical-1536x1024.jpg 1536w, https:\/\/olaberria.fr\/wp-content\/uploads\/2025\/10\/olaberria-secteur-medical-2048x1366.jpg 2048w\" sizes=\"(max-width: 800px) 100vw, 800px\" \/>\t\t\t\t\t\t\t\t\t\t\t\t\t\t\t<\/div>\n\t\t\t\t<\/div>\n\t\t\t\t<\/div>\n\t\t<div class=\"elementor-element elementor-element-020695d e-con-full e-flex e-con e-child\" data-id=\"020695d\" data-element_type=\"container\" data-e-type=\"container\">\n\t\t\t\t<div class=\"elementor-element elementor-element-8f9a45a elementor-invisible elementor-widget elementor-widget-heading\" data-id=\"8f9a45a\" data-element_type=\"widget\" data-e-type=\"widget\" data-settings=\"{&quot;_animation&quot;:&quot;fadeIn&quot;}\" data-widget_type=\"heading.default\">\n\t\t\t\t<div class=\"elementor-widget-container\">\n\t\t\t\t\t<h2 class=\"elementor-heading-title elementor-size-default\">Sector m\u00e9dico<\/h2>\t\t\t\t<\/div>\n\t\t\t\t<\/div>\n\t\t\t\t<div class=\"elementor-element elementor-element-0edff30 elementor-invisible elementor-widget elementor-widget-text-editor\" data-id=\"0edff30\" data-element_type=\"widget\" data-e-type=\"widget\" data-settings=\"{&quot;_animation&quot;:&quot;fadeIn&quot;,&quot;_animation_delay&quot;:300}\" data-widget_type=\"text-editor.default\">\n\t\t\t\t<div class=\"elementor-widget-container\">\n\t\t\t\t\t\t\t\t\t<p>Desde el moldeo en salas blancas hasta las piezas implantadas en el cuerpo humano, Olaberria realiza moldes especializados de una o varias cavidades para satisfacer las necesidades del sector m\u00e9dico.<\/p>\t\t\t\t\t\t\t\t<\/div>\n\t\t\t\t<\/div>\n\t\t\t\t<\/div>\n\t\t\t\t<\/div>\n\t\t<div class=\"elementor-element elementor-element-fafe34e e-con-full e-flex e-con e-parent\" data-id=\"fafe34e\" data-element_type=\"container\" data-e-type=\"container\" data-settings=\"{&quot;background_background&quot;:&quot;classic&quot;}\">\n\t\t<div class=\"elementor-element elementor-element-ca065ed e-con-full e-flex e-con e-child\" data-id=\"ca065ed\" data-element_type=\"container\" data-e-type=\"container\">\n\t\t\t\t<div class=\"elementor-element elementor-element-cf1691f elementor-invisible elementor-widget elementor-widget-heading\" data-id=\"cf1691f\" data-element_type=\"widget\" data-e-type=\"widget\" data-settings=\"{&quot;_animation&quot;:&quot;fadeIn&quot;}\" data-widget_type=\"heading.default\">\n\t\t\t\t<div class=\"elementor-widget-container\">\n\t\t\t\t\t<h2 class=\"elementor-heading-title elementor-size-default\">Electr\u00f3nica<\/h2>\t\t\t\t<\/div>\n\t\t\t\t<\/div>\n\t\t\t\t<div class=\"elementor-element elementor-element-b5192b6 elementor-invisible elementor-widget elementor-widget-text-editor\" data-id=\"b5192b6\" data-element_type=\"widget\" data-e-type=\"widget\" data-settings=\"{&quot;_animation&quot;:&quot;fadeIn&quot;,&quot;_animation_delay&quot;:300}\" data-widget_type=\"text-editor.default\">\n\t\t\t\t<div class=\"elementor-widget-container\">\n\t\t\t\t\t\t\t\t\t<p>El sector electr\u00f3nico es especialmente exigente en cuanto a precisi\u00f3n y calidad de las piezas.<br \/>Desde carcasas y conectores hasta prensaestopas, Olaberria fabrica moldes multicavidad para la industria electr\u00f3nica.<\/p>\t\t\t\t\t\t\t\t<\/div>\n\t\t\t\t<\/div>\n\t\t\t\t<\/div>\n\t\t<div class=\"elementor-element elementor-element-7f37e19 e-con-full e-flex e-con e-child\" data-id=\"7f37e19\" data-element_type=\"container\" data-e-type=\"container\">\n\t\t\t\t<div class=\"elementor-element elementor-element-a6ce181 elementor-widget elementor-widget-image\" data-id=\"a6ce181\" data-element_type=\"widget\" data-e-type=\"widget\" data-widget_type=\"image.default\">\n\t\t\t\t<div class=\"elementor-widget-container\">\n\t\t\t\t\t\t\t\t\t\t\t\t\t\t\t<img loading=\"lazy\" decoding=\"async\" width=\"800\" height=\"534\" src=\"https:\/\/olaberria.fr\/wp-content\/uploads\/2025\/10\/olaberria-secteur-electronique-1024x683.jpg\" class=\"attachment-large size-large wp-image-1413\" alt=\"\" srcset=\"https:\/\/olaberria.fr\/wp-content\/uploads\/2025\/10\/olaberria-secteur-electronique-1024x683.jpg 1024w, https:\/\/olaberria.fr\/wp-content\/uploads\/2025\/10\/olaberria-secteur-electronique-300x200.jpg 300w, https:\/\/olaberria.fr\/wp-content\/uploads\/2025\/10\/olaberria-secteur-electronique-768x512.jpg 768w, https:\/\/olaberria.fr\/wp-content\/uploads\/2025\/10\/olaberria-secteur-electronique-1536x1024.jpg 1536w, https:\/\/olaberria.fr\/wp-content\/uploads\/2025\/10\/olaberria-secteur-electronique-2048x1366.jpg 2048w\" sizes=\"(max-width: 800px) 100vw, 800px\" \/>\t\t\t\t\t\t\t\t\t\t\t\t\t\t\t<\/div>\n\t\t\t\t<\/div>\n\t\t\t\t<\/div>\n\t\t\t\t<\/div>\n\t\t\t\t<\/div>\n\t\t","protected":false},"excerpt":{"rendered":"<p>Desde hace mas de 40 a\u00f1os, realizamos moldes para inyecci\u00f3n de termopl\u00e1sticos en todos los sectores.Desde el sector m\u00e9dico hasta automoci\u00f3n, pasando por la piezas tecnicas; la empresa tiene una grande adaptabilidad para adaptarse a los requerimientos de cada sector.De cavidad \u00fanica hasta multi cavidades, pasando por todos los plasticos inyectables, la empresa se ha [&hellip;]<\/p>\n","protected":false},"author":1,"featured_media":0,"parent":0,"menu_order":0,"comment_status":"closed","ping_status":"closed","template":"","meta":{"footnotes":""},"class_list":["post-1481","page","type-page","status-publish","hentry"],"yoast_head":"<!-- This site is optimized with the Yoast SEO plugin v27.3 - https:\/\/yoast.com\/product\/yoast-seo-wordpress\/ -->\n<title>Moldes para termopl\u00e1sticos &#8226; Olaberria<\/title>\n<meta name=\"robots\" content=\"index, follow, max-snippet:-1, max-image-preview:large, max-video-preview:-1\" \/>\n<link rel=\"canonical\" href=\"https:\/\/olaberria.fr\/es\/moldes-para-termoplasticos\/\" \/>\n<meta property=\"og:locale\" content=\"es_ES\" \/>\n<meta property=\"og:type\" content=\"article\" \/>\n<meta property=\"og:title\" content=\"Moldes para termopl\u00e1sticos &#8226; Olaberria\" \/>\n<meta property=\"og:description\" content=\"Desde hace mas de 40 a\u00f1os, realizamos moldes para inyecci\u00f3n de termopl\u00e1sticos en todos los sectores.Desde el sector m\u00e9dico hasta automoci\u00f3n, pasando por la piezas tecnicas; la empresa tiene una grande adaptabilidad para adaptarse a los requerimientos de cada sector.De cavidad \u00fanica hasta multi cavidades, pasando por todos los plasticos inyectables, la empresa se ha [&hellip;]\" \/>\n<meta property=\"og:url\" content=\"https:\/\/olaberria.fr\/es\/moldes-para-termoplasticos\/\" \/>\n<meta property=\"og:site_name\" content=\"Olaberria\" \/>\n<meta property=\"article:modified_time\" content=\"2025-11-18T15:51:03+00:00\" \/>\n<meta property=\"og:image\" content=\"https:\/\/olaberria.fr\/wp-content\/uploads\/2025\/09\/lantgeia-olaberria-42.jpg\" \/>\n\t<meta property=\"og:image:width\" content=\"2000\" \/>\n\t<meta property=\"og:image:height\" content=\"1334\" \/>\n\t<meta property=\"og:image:type\" content=\"image\/jpeg\" \/>\n<meta name=\"twitter:card\" content=\"summary_large_image\" \/>\n<meta name=\"twitter:label1\" content=\"Tiempo de lectura\" \/>\n\t<meta name=\"twitter:data1\" content=\"2 minutos\" \/>\n<script type=\"application\/ld+json\" class=\"yoast-schema-graph\">{\"@context\":\"https:\\\/\\\/schema.org\",\"@graph\":[{\"@type\":\"WebPage\",\"@id\":\"https:\\\/\\\/olaberria.fr\\\/es\\\/moldes-para-termoplasticos\\\/\",\"url\":\"https:\\\/\\\/olaberria.fr\\\/es\\\/moldes-para-termoplasticos\\\/\",\"name\":\"Moldes para termopl\u00e1sticos &#8226; Olaberria\",\"isPartOf\":{\"@id\":\"https:\\\/\\\/olaberria.fr\\\/es\\\/#website\"},\"primaryImageOfPage\":{\"@id\":\"https:\\\/\\\/olaberria.fr\\\/es\\\/moldes-para-termoplasticos\\\/#primaryimage\"},\"image\":{\"@id\":\"https:\\\/\\\/olaberria.fr\\\/es\\\/moldes-para-termoplasticos\\\/#primaryimage\"},\"thumbnailUrl\":\"https:\\\/\\\/olaberria.fr\\\/wp-content\\\/uploads\\\/2025\\\/09\\\/lantgeia-olaberria-42.jpg\",\"datePublished\":\"2025-02-17T16:04:00+00:00\",\"dateModified\":\"2025-11-18T15:51:03+00:00\",\"breadcrumb\":{\"@id\":\"https:\\\/\\\/olaberria.fr\\\/es\\\/moldes-para-termoplasticos\\\/#breadcrumb\"},\"inLanguage\":\"es\",\"potentialAction\":[{\"@type\":\"ReadAction\",\"target\":[\"https:\\\/\\\/olaberria.fr\\\/es\\\/moldes-para-termoplasticos\\\/\"]}]},{\"@type\":\"ImageObject\",\"inLanguage\":\"es\",\"@id\":\"https:\\\/\\\/olaberria.fr\\\/es\\\/moldes-para-termoplasticos\\\/#primaryimage\",\"url\":\"https:\\\/\\\/olaberria.fr\\\/wp-content\\\/uploads\\\/2025\\\/09\\\/lantgeia-olaberria-42.jpg\",\"contentUrl\":\"https:\\\/\\\/olaberria.fr\\\/wp-content\\\/uploads\\\/2025\\\/09\\\/lantgeia-olaberria-42.jpg\"},{\"@type\":\"BreadcrumbList\",\"@id\":\"https:\\\/\\\/olaberria.fr\\\/es\\\/moldes-para-termoplasticos\\\/#breadcrumb\",\"itemListElement\":[{\"@type\":\"ListItem\",\"position\":1,\"name\":\"Accueil\",\"item\":\"https:\\\/\\\/olaberria.fr\\\/es\\\/\"},{\"@type\":\"ListItem\",\"position\":2,\"name\":\"Moldes para termopl\u00e1sticos\"}]},{\"@type\":\"WebSite\",\"@id\":\"https:\\\/\\\/olaberria.fr\\\/es\\\/#website\",\"url\":\"https:\\\/\\\/olaberria.fr\\\/es\\\/\",\"name\":\"Olaberria\",\"description\":\"Moules injection Silicone Liquide et plastiques\",\"publisher\":{\"@id\":\"https:\\\/\\\/olaberria.fr\\\/es\\\/#organization\"},\"potentialAction\":[{\"@type\":\"SearchAction\",\"target\":{\"@type\":\"EntryPoint\",\"urlTemplate\":\"https:\\\/\\\/olaberria.fr\\\/es\\\/?s={search_term_string}\"},\"query-input\":{\"@type\":\"PropertyValueSpecification\",\"valueRequired\":true,\"valueName\":\"search_term_string\"}}],\"inLanguage\":\"es\"},{\"@type\":\"Organization\",\"@id\":\"https:\\\/\\\/olaberria.fr\\\/es\\\/#organization\",\"name\":\"Olaberria\",\"url\":\"https:\\\/\\\/olaberria.fr\\\/es\\\/\",\"logo\":{\"@type\":\"ImageObject\",\"inLanguage\":\"es\",\"@id\":\"https:\\\/\\\/olaberria.fr\\\/es\\\/#\\\/schema\\\/logo\\\/image\\\/\",\"url\":\"https:\\\/\\\/olaberria.fr\\\/wp-content\\\/uploads\\\/2024\\\/09\\\/olaberria-logo.svg\",\"contentUrl\":\"https:\\\/\\\/olaberria.fr\\\/wp-content\\\/uploads\\\/2024\\\/09\\\/olaberria-logo.svg\",\"caption\":\"Olaberria\"},\"image\":{\"@id\":\"https:\\\/\\\/olaberria.fr\\\/es\\\/#\\\/schema\\\/logo\\\/image\\\/\"}}]}<\/script>\n<!-- \/ Yoast SEO plugin. -->","yoast_head_json":{"title":"Moldes para termopl\u00e1sticos &#8226; Olaberria","robots":{"index":"index","follow":"follow","max-snippet":"max-snippet:-1","max-image-preview":"max-image-preview:large","max-video-preview":"max-video-preview:-1"},"canonical":"https:\/\/olaberria.fr\/es\/moldes-para-termoplasticos\/","og_locale":"es_ES","og_type":"article","og_title":"Moldes para termopl\u00e1sticos &#8226; Olaberria","og_description":"Desde hace mas de 40 a\u00f1os, realizamos moldes para inyecci\u00f3n de termopl\u00e1sticos en todos los sectores.Desde el sector m\u00e9dico hasta automoci\u00f3n, pasando por la piezas tecnicas; la empresa tiene una grande adaptabilidad para adaptarse a los requerimientos de cada sector.De cavidad \u00fanica hasta multi cavidades, pasando por todos los plasticos inyectables, la empresa se ha [&hellip;]","og_url":"https:\/\/olaberria.fr\/es\/moldes-para-termoplasticos\/","og_site_name":"Olaberria","article_modified_time":"2025-11-18T15:51:03+00:00","og_image":[{"width":2000,"height":1334,"url":"https:\/\/olaberria.fr\/wp-content\/uploads\/2025\/09\/lantgeia-olaberria-42.jpg","type":"image\/jpeg"}],"twitter_card":"summary_large_image","twitter_misc":{"Tiempo de lectura":"2 minutos"},"schema":{"@context":"https:\/\/schema.org","@graph":[{"@type":"WebPage","@id":"https:\/\/olaberria.fr\/es\/moldes-para-termoplasticos\/","url":"https:\/\/olaberria.fr\/es\/moldes-para-termoplasticos\/","name":"Moldes para termopl\u00e1sticos &#8226; Olaberria","isPartOf":{"@id":"https:\/\/olaberria.fr\/es\/#website"},"primaryImageOfPage":{"@id":"https:\/\/olaberria.fr\/es\/moldes-para-termoplasticos\/#primaryimage"},"image":{"@id":"https:\/\/olaberria.fr\/es\/moldes-para-termoplasticos\/#primaryimage"},"thumbnailUrl":"https:\/\/olaberria.fr\/wp-content\/uploads\/2025\/09\/lantgeia-olaberria-42.jpg","datePublished":"2025-02-17T16:04:00+00:00","dateModified":"2025-11-18T15:51:03+00:00","breadcrumb":{"@id":"https:\/\/olaberria.fr\/es\/moldes-para-termoplasticos\/#breadcrumb"},"inLanguage":"es","potentialAction":[{"@type":"ReadAction","target":["https:\/\/olaberria.fr\/es\/moldes-para-termoplasticos\/"]}]},{"@type":"ImageObject","inLanguage":"es","@id":"https:\/\/olaberria.fr\/es\/moldes-para-termoplasticos\/#primaryimage","url":"https:\/\/olaberria.fr\/wp-content\/uploads\/2025\/09\/lantgeia-olaberria-42.jpg","contentUrl":"https:\/\/olaberria.fr\/wp-content\/uploads\/2025\/09\/lantgeia-olaberria-42.jpg"},{"@type":"BreadcrumbList","@id":"https:\/\/olaberria.fr\/es\/moldes-para-termoplasticos\/#breadcrumb","itemListElement":[{"@type":"ListItem","position":1,"name":"Accueil","item":"https:\/\/olaberria.fr\/es\/"},{"@type":"ListItem","position":2,"name":"Moldes para termopl\u00e1sticos"}]},{"@type":"WebSite","@id":"https:\/\/olaberria.fr\/es\/#website","url":"https:\/\/olaberria.fr\/es\/","name":"Olaberria","description":"Moules injection Silicone Liquide et plastiques","publisher":{"@id":"https:\/\/olaberria.fr\/es\/#organization"},"potentialAction":[{"@type":"SearchAction","target":{"@type":"EntryPoint","urlTemplate":"https:\/\/olaberria.fr\/es\/?s={search_term_string}"},"query-input":{"@type":"PropertyValueSpecification","valueRequired":true,"valueName":"search_term_string"}}],"inLanguage":"es"},{"@type":"Organization","@id":"https:\/\/olaberria.fr\/es\/#organization","name":"Olaberria","url":"https:\/\/olaberria.fr\/es\/","logo":{"@type":"ImageObject","inLanguage":"es","@id":"https:\/\/olaberria.fr\/es\/#\/schema\/logo\/image\/","url":"https:\/\/olaberria.fr\/wp-content\/uploads\/2024\/09\/olaberria-logo.svg","contentUrl":"https:\/\/olaberria.fr\/wp-content\/uploads\/2024\/09\/olaberria-logo.svg","caption":"Olaberria"},"image":{"@id":"https:\/\/olaberria.fr\/es\/#\/schema\/logo\/image\/"}}]}},"_links":{"self":[{"href":"https:\/\/olaberria.fr\/es\/wp-json\/wp\/v2\/pages\/1481","targetHints":{"allow":["GET"]}}],"collection":[{"href":"https:\/\/olaberria.fr\/es\/wp-json\/wp\/v2\/pages"}],"about":[{"href":"https:\/\/olaberria.fr\/es\/wp-json\/wp\/v2\/types\/page"}],"author":[{"embeddable":true,"href":"https:\/\/olaberria.fr\/es\/wp-json\/wp\/v2\/users\/1"}],"replies":[{"embeddable":true,"href":"https:\/\/olaberria.fr\/es\/wp-json\/wp\/v2\/comments?post=1481"}],"version-history":[{"count":19,"href":"https:\/\/olaberria.fr\/es\/wp-json\/wp\/v2\/pages\/1481\/revisions"}],"predecessor-version":[{"id":1677,"href":"https:\/\/olaberria.fr\/es\/wp-json\/wp\/v2\/pages\/1481\/revisions\/1677"}],"wp:attachment":[{"href":"https:\/\/olaberria.fr\/es\/wp-json\/wp\/v2\/media?parent=1481"}],"curies":[{"name":"wp","href":"https:\/\/api.w.org\/{rel}","templated":true}]}}